{"id":87,"date":"2022-02-16T16:47:30","date_gmt":"2022-02-16T21:47:30","guid":{"rendered":"http:\/\/local.gabarit-multilingue\/contact-us\/"},"modified":"2022-11-23T12:48:58","modified_gmt":"2022-11-23T17:48:58","slug":"contact-us","status":"publish","type":"page","link":"https:\/\/cleedie.chaire.ulaval.ca\/en\/contact-us\/","title":{"rendered":"Contact Us"},"content":{"rendered":"\n<section class=\"wp-block-csrtcommun-gutenberg-block-bloc-strate  strate bg-undefined\" aria-label=\"\"><div class=\"strate-contenu\">\n<div class=\"wp-block-csrtcommun-gutenberg-block-bloc-nous-joindre bloc-nous-joindre__wrapper\"><div class=\"bloc-col-gauche__wrapper\"><div class=\"titre\">Emilie Doutreloux<\/div><div class=\"adresse\"><strong>Professeure adjointe et titulaire de la chaire<\/strong> <strong>CLE-EDI<\/strong><br \/><\/div><div class=\"telephone\"><a href=\"tel:\" aria-label=\"Num\u00e9ro de t\u00e9l\u00e9phone : \"><span aria-hidden=\"true\"><\/span><\/a><\/div><div class=\"courriel\"><a href=\"mailto:Emilie.Doutreloux@fse.ulaval.ca\" aria-label=\"Adresse courriel Emilie.Doutreloux@fse.ulaval.ca\">Emilie.Doutreloux@fse.ulaval.ca<\/a><\/div><\/div><div class=\"bloc-col-droite__wrapper\"><div><\/div><\/div><\/div>\n<div class=\"clearFix\"><\/div><\/div><\/section>\n","protected":false},"excerpt":{"rendered":"","protected":false},"author":1,"featured_media":0,"parent":0,"menu_order":0,"comment_status":"closed","ping_status":"closed","template":"page-titre.php","meta":{"_acf_changed":false,"footnotes":""},"class_list":["post-87","page","type-page","status-publish","hentry"],"acf":[],"_links":{"self":[{"href":"https:\/\/cleedie.chaire.ulaval.ca\/en\/wp-json\/wp\/v2\/pages\/87","targetHints":{"allow":["GET"]}}],"collection":[{"href":"https:\/\/cleedie.chaire.ulaval.ca\/en\/wp-json\/wp\/v2\/pages"}],"about":[{"href":"https:\/\/cleedie.chaire.ulaval.ca\/en\/wp-json\/wp\/v2\/types\/page"}],"author":[{"embeddable":true,"href":"https:\/\/cleedie.chaire.ulaval.ca\/en\/wp-json\/wp\/v2\/users\/1"}],"replies":[{"embeddable":true,"href":"https:\/\/cleedie.chaire.ulaval.ca\/en\/wp-json\/wp\/v2\/comments?post=87"}],"version-history":[{"count":4,"href":"https:\/\/cleedie.chaire.ulaval.ca\/en\/wp-json\/wp\/v2\/pages\/87\/revisions"}],"predecessor-version":[{"id":193,"href":"https:\/\/cleedie.chaire.ulaval.ca\/en\/wp-json\/wp\/v2\/pages\/87\/revisions\/193"}],"wp:attachment":[{"href":"https:\/\/cleedie.chaire.ulaval.ca\/en\/wp-json\/wp\/v2\/media?parent=87"}],"curies":[{"name":"wp","href":"https:\/\/api.w.org\/{rel}","templated":true}]}}